{"id":3,"date":"2023-10-22T14:32:31","date_gmt":"2023-10-22T12:32:31","guid":{"rendered":"http:\/\/softgen.aminefaiz.me\/?page_id=3"},"modified":"2023-12-03T14:48:40","modified_gmt":"2023-12-03T13:48:40","slug":"politique-de-confidentialite","status":"publish","type":"page","link":"https:\/\/www.softgen.fr\/en\/politique-de-confidentialite\/","title":{"rendered":"Politique de confidentialit\u00e9"},"content":{"rendered":"<p>Derni\u00e8re mise \u00e0 jour : 01\/12\/2023<\/p>\r\n<p>La pr\u00e9sente Politique de Confidentialit\u00e9 d\u00e9crit la mani\u00e8re dont SOFTGEN collecte, utilise et prot\u00e8ge les informations personnelles que vous fournissez sur le site web www.softgen.fr. Nous nous engageons \u00e0 prot\u00e9ger votre vie priv\u00e9e et \u00e0 respecter toutes les lois applicables en mati\u00e8re de protection des donn\u00e9es, y compris le RGPD.<\/p>\r\n<p>En utilisant notre site web, vous acceptez les termes de cette Politique de Confidentialit\u00e9. Si vous n&rsquo;\u00eates pas d&rsquo;accord avec ces termes, veuillez ne pas utiliser notre site web.<\/p>\r\n<h3 class=\"wp-block-heading\">1. Collecte d&rsquo;Informations Personnelles<\/h3>\r\n<h4><br \/>1.1 Informations que nous collectons<\/h4>\r\n<p><br \/>Nous pouvons collecter les types d&rsquo;informations personnelles suivants lorsque vous utilisez notre site web :<\/p>\r\n<p>Informations d&rsquo;identification personnelle : Cela peut inclure votre nom, votre adresse e-mail, votre num\u00e9ro de t\u00e9l\u00e9phone, etc., que vous nous fournissez volontairement lorsque vous utilisez notre site.<\/p>\r\n<p>Informations de connexion : Nous collectons des informations sur votre utilisation de notre site web, y compris votre adresse IP, le type de navigateur que vous utilisez, les pages que vous visitez, la date et l&rsquo;heure de votre visite, etc.<\/p>\r\n<h4>1.2 Utilisation des Informations<\/h4>\r\n<p>Nous utilisons les informations personnelles que nous collectons pour les finalit\u00e9s suivantes :<\/p>\r\n<p>Fournir les services que vous demandez sur le site web www.softgen.fr.<\/p>\r\n<p>Vous envoyer des communications marketing, y compris notre newsletter, si vous avez consenti \u00e0 les recevoir. Votre inscription \u00e0 notre newsletter constitue un consentement pour la recevoir.<\/p>\r\n<p>Am\u00e9liorer notre site web et nos services.<\/p>\r\n<h3>2. S\u00e9curit\u00e9 de l&rsquo;Information<\/h3>\r\n<p>Nous prenons des mesures raisonnables pour prot\u00e9ger les informations personnelles que nous collectons contre la perte, l&rsquo;utilisation abusive, l&rsquo;acc\u00e8s non autoris\u00e9, la divulgation, l&rsquo;alt\u00e9ration ou la destruction.<\/p>\r\n<p>&nbsp;<\/p>\r\n<h3>3. Respect du RGPD<\/h3>\r\n<p>Nous respectons les principes du RGPD concernant la collecte, le traitement et la conservation des donn\u00e9es personnelles. Vous avez le droit de demander l&rsquo;acc\u00e8s \u00e0 vos donn\u00e9es personnelles, de les rectifier, de les supprimer ou de vous opposer \u00e0 leur traitement conform\u00e9ment aux lois applicables. Pour exercer ces droits, veuillez nous contacter \u00e0 l&rsquo;adresse \u00e9lectronique contact@softgen.fr.<\/p>\r\n<p>&nbsp;<\/p>\r\n<h3>4. Confidentialit\u00e9 des Informations Clients<\/h3>\r\n<p>Nous ne partageons pas vos informations personnelles avec des tiers sans votre consentement, sauf si cela est n\u00e9cessaire pour fournir les services que vous avez demand\u00e9s ou si nous sommes l\u00e9galement tenus de le faire.<\/p>\r\n<p>&nbsp;<\/p>\r\n<h3>5. Suppression des Informations Personnelles<\/h3>\r\n<p><br \/>Vous avez le droit de demander la suppression de vos informations personnelles de notre syst\u00e8me. Pour ce faire, veuillez nous contacter \u00e0 l&rsquo;adresse suivante : contact@softgen.fr. Nous traiterons votre demande dans les d\u00e9lais prescrits par la loi applicable.<\/p>\r\n<p>&nbsp;<\/p>\r\n<h3>6. Modifications de la Politique de Confidentialit\u00e9<\/h3>\r\n<p><br \/>Nous nous r\u00e9servons le droit de mettre \u00e0 jour cette Politique de Confidentialit\u00e9 en fonction des \u00e9volutions de la l\u00e9gislation ou de nos pratiques commerciales. Nous vous encourageons \u00e0 consulter r\u00e9guli\u00e8rement cette page pour rester inform\u00e9 des modifications.<\/p>","protected":false},"excerpt":{"rendered":"<p>Derni\u00e8re mise \u00e0 jour : 01\/12\/2023 La pr\u00e9sente Politique de Confidentialit\u00e9 d\u00e9crit la mani\u00e8re dont SOFTGEN collecte, utilise et prot\u00e8ge les informations personnelles que vous fournissez sur le site web www.softgen.fr. Nous nous engageons \u00e0 prot\u00e9ger votre vie priv\u00e9e et&#8230;<\/p>","protected":false},"author":1,"featured_media":0,"parent":0,"menu_order":0,"comment_status":"closed","ping_status":"open","template":"","meta":{"_acf_changed":false,"footnotes":""},"class_list":["post-3","page","type-page","status-publish","hentry"],"acf":[],"yoast_head":"<!-- This site is optimized with the Yoast SEO plugin v22.9 - https:\/\/yoast.com\/wordpress\/plugins\/seo\/ -->\n<title>Politique de confidentialit\u00e9 - Softgen<\/title>\n<meta name=\"robots\" content=\"index, follow, max-snippet:-1, max-image-preview:large, max-video-preview:-1\" \/>\n<link rel=\"canonical\" href=\"https:\/\/softgen.fr\/politique-de-confidentialite\/\" \/>\n<meta property=\"og:locale\" content=\"en_GB\" \/>\n<meta property=\"og:type\" content=\"article\" \/>\n<meta property=\"og:title\" content=\"Politique de confidentialit\u00e9 - Softgen\" \/>\n<meta property=\"og:description\" content=\"Derni\u00e8re mise \u00e0 jour : 01\/12\/2023 La pr\u00e9sente Politique de Confidentialit\u00e9 d\u00e9crit la mani\u00e8re dont SOFTGEN collecte, utilise et prot\u00e8ge les informations personnelles que vous fournissez sur le site web www.softgen.fr. Nous nous engageons \u00e0 prot\u00e9ger votre vie priv\u00e9e et...\" \/>\n<meta property=\"og:url\" content=\"https:\/\/softgen.fr\/politique-de-confidentialite\/\" \/>\n<meta property=\"og:site_name\" content=\"Softgen\" \/>\n<meta property=\"article:modified_time\" content=\"2023-12-03T13:48:40+00:00\" \/>\n<meta property=\"og:image\" content=\"https:\/\/www.softgen.fr\/wp-content\/uploads\/2023\/10\/Softgen_logo-.png\" \/>\n\t<meta property=\"og:image:width\" content=\"597\" \/>\n\t<meta property=\"og:image:height\" content=\"172\" \/>\n\t<meta property=\"og:image:type\" content=\"image\/png\" \/>\n<meta name=\"twitter:card\" content=\"summary_large_image\" \/>\n<meta name=\"twitter:label1\" content=\"Estimated reading time\" \/>\n\t<meta name=\"twitter:data1\" content=\"2 minutes\" \/>\n<script type=\"application\/ld+json\" class=\"yoast-schema-graph\">{\"@context\":\"https:\/\/schema.org\",\"@graph\":[{\"@type\":\"WebPage\",\"@id\":\"https:\/\/softgen.fr\/politique-de-confidentialite\/\",\"url\":\"https:\/\/softgen.fr\/politique-de-confidentialite\/\",\"name\":\"Politique de confidentialit\u00e9 - Softgen\",\"isPartOf\":{\"@id\":\"https:\/\/softgen.fr\/#website\"},\"datePublished\":\"2023-10-22T12:32:31+00:00\",\"dateModified\":\"2023-12-03T13:48:40+00:00\",\"breadcrumb\":{\"@id\":\"https:\/\/softgen.fr\/politique-de-confidentialite\/#breadcrumb\"},\"inLanguage\":\"en-GB\",\"potentialAction\":[{\"@type\":\"ReadAction\",\"target\":[\"https:\/\/softgen.fr\/politique-de-confidentialite\/\"]}]},{\"@type\":\"BreadcrumbList\",\"@id\":\"https:\/\/softgen.fr\/politique-de-confidentialite\/#breadcrumb\",\"itemListElement\":[{\"@type\":\"ListItem\",\"position\":1,\"name\":\"Accueil\",\"item\":\"https:\/\/softgen.fr\/\"},{\"@type\":\"ListItem\",\"position\":2,\"name\":\"Politique de confidentialit\u00e9\"}]},{\"@type\":\"WebSite\",\"@id\":\"https:\/\/softgen.fr\/#website\",\"url\":\"https:\/\/softgen.fr\/\",\"name\":\"Softgen\",\"description\":\"\",\"publisher\":{\"@id\":\"https:\/\/softgen.fr\/#organization\"},\"potentialAction\":[{\"@type\":\"SearchAction\",\"target\":{\"@type\":\"EntryPoint\",\"urlTemplate\":\"https:\/\/softgen.fr\/?s={search_term_string}\"},\"query-input\":\"required name=search_term_string\"}],\"inLanguage\":\"en-GB\"},{\"@type\":\"Organization\",\"@id\":\"https:\/\/softgen.fr\/#organization\",\"name\":\"Softgen\",\"url\":\"https:\/\/softgen.fr\/\",\"logo\":{\"@type\":\"ImageObject\",\"inLanguage\":\"en-GB\",\"@id\":\"https:\/\/softgen.fr\/#\/schema\/logo\/image\/\",\"url\":\"https:\/\/softgen.fr\/wp-content\/uploads\/2023\/10\/Softgen_logo-.png\",\"contentUrl\":\"https:\/\/softgen.fr\/wp-content\/uploads\/2023\/10\/Softgen_logo-.png\",\"width\":597,\"height\":172,\"caption\":\"Softgen\"},\"image\":{\"@id\":\"https:\/\/softgen.fr\/#\/schema\/logo\/image\/\"}}]}<\/script>\n<!-- \/ Yoast SEO plugin. -->","yoast_head_json":{"title":"Politique de confidentialit\u00e9 - Softgen","robots":{"index":"index","follow":"follow","max-snippet":"max-snippet:-1","max-image-preview":"max-image-preview:large","max-video-preview":"max-video-preview:-1"},"canonical":"https:\/\/softgen.fr\/politique-de-confidentialite\/","og_locale":"en_GB","og_type":"article","og_title":"Politique de confidentialit\u00e9 - Softgen","og_description":"Derni\u00e8re mise \u00e0 jour : 01\/12\/2023 La pr\u00e9sente Politique de Confidentialit\u00e9 d\u00e9crit la mani\u00e8re dont SOFTGEN collecte, utilise et prot\u00e8ge les informations personnelles que vous fournissez sur le site web www.softgen.fr. Nous nous engageons \u00e0 prot\u00e9ger votre vie priv\u00e9e et...","og_url":"https:\/\/softgen.fr\/politique-de-confidentialite\/","og_site_name":"Softgen","article_modified_time":"2023-12-03T13:48:40+00:00","og_image":[{"width":597,"height":172,"url":"https:\/\/www.softgen.fr\/wp-content\/uploads\/2023\/10\/Softgen_logo-.png","type":"image\/png"}],"twitter_card":"summary_large_image","twitter_misc":{"Estimated reading time":"2 minutes"},"schema":{"@context":"https:\/\/schema.org","@graph":[{"@type":"WebPage","@id":"https:\/\/softgen.fr\/politique-de-confidentialite\/","url":"https:\/\/softgen.fr\/politique-de-confidentialite\/","name":"Politique de confidentialit\u00e9 - Softgen","isPartOf":{"@id":"https:\/\/softgen.fr\/#website"},"datePublished":"2023-10-22T12:32:31+00:00","dateModified":"2023-12-03T13:48:40+00:00","breadcrumb":{"@id":"https:\/\/softgen.fr\/politique-de-confidentialite\/#breadcrumb"},"inLanguage":"en-GB","potentialAction":[{"@type":"ReadAction","target":["https:\/\/softgen.fr\/politique-de-confidentialite\/"]}]},{"@type":"BreadcrumbList","@id":"https:\/\/softgen.fr\/politique-de-confidentialite\/#breadcrumb","itemListElement":[{"@type":"ListItem","position":1,"name":"Accueil","item":"https:\/\/softgen.fr\/"},{"@type":"ListItem","position":2,"name":"Politique de confidentialit\u00e9"}]},{"@type":"WebSite","@id":"https:\/\/softgen.fr\/#website","url":"https:\/\/softgen.fr\/","name":"Softgen","description":"","publisher":{"@id":"https:\/\/softgen.fr\/#organization"},"potentialAction":[{"@type":"SearchAction","target":{"@type":"EntryPoint","urlTemplate":"https:\/\/softgen.fr\/?s={search_term_string}"},"query-input":"required name=search_term_string"}],"inLanguage":"en-GB"},{"@type":"Organization","@id":"https:\/\/softgen.fr\/#organization","name":"Softgen","url":"https:\/\/softgen.fr\/","logo":{"@type":"ImageObject","inLanguage":"en-GB","@id":"https:\/\/softgen.fr\/#\/schema\/logo\/image\/","url":"https:\/\/softgen.fr\/wp-content\/uploads\/2023\/10\/Softgen_logo-.png","contentUrl":"https:\/\/softgen.fr\/wp-content\/uploads\/2023\/10\/Softgen_logo-.png","width":597,"height":172,"caption":"Softgen"},"image":{"@id":"https:\/\/softgen.fr\/#\/schema\/logo\/image\/"}}]}},"post_mailing_queue_ids":[],"_links":{"self":[{"href":"https:\/\/www.softgen.fr\/en\/wp-json\/wp\/v2\/pages\/3","targetHints":{"allow":["GET"]}}],"collection":[{"href":"https:\/\/www.softgen.fr\/en\/wp-json\/wp\/v2\/pages"}],"about":[{"href":"https:\/\/www.softgen.fr\/en\/wp-json\/wp\/v2\/types\/page"}],"author":[{"embeddable":true,"href":"https:\/\/www.softgen.fr\/en\/wp-json\/wp\/v2\/users\/1"}],"replies":[{"embeddable":true,"href":"https:\/\/www.softgen.fr\/en\/wp-json\/wp\/v2\/comments?post=3"}],"version-history":[{"count":1,"href":"https:\/\/www.softgen.fr\/en\/wp-json\/wp\/v2\/pages\/3\/revisions"}],"predecessor-version":[{"id":2743,"href":"https:\/\/www.softgen.fr\/en\/wp-json\/wp\/v2\/pages\/3\/revisions\/2743"}],"wp:attachment":[{"href":"https:\/\/www.softgen.fr\/en\/wp-json\/wp\/v2\/media?parent=3"}],"curies":[{"name":"wp","href":"https:\/\/api.w.org\/{rel}","templated":true}]}}